{"id":268,"date":"2016-02-18T13:33:00","date_gmt":"2016-02-18T13:33:00","guid":{"rendered":"http:\/\/www.elcinlab.org\/?page_id=268"},"modified":"2016-04-17T19:57:50","modified_gmt":"2016-04-17T19:57:50","slug":"a-eser-elcin","status":"publish","type":"page","link":"https:\/\/www.elcinlab.org\/en\/a-eser-elcin\/","title":{"rendered":"A. Eser EL\u00c7\u0130N"},"content":{"rendered":"<p><strong><img loading=\"lazy\" class=\" wp-image-467 alignleft\" src=\"http:\/\/www.elcinlab.org\/wp-content\/uploads\/2016\/02\/EserEl\u00e7in-275x300.jpg\" alt=\"EserEl\u00e7in\" width=\"302\" height=\"329\" srcset=\"https:\/\/www.elcinlab.org\/wp-content\/uploads\/2016\/02\/EserEl\u00e7in-275x300.jpg 275w, https:\/\/www.elcinlab.org\/wp-content\/uploads\/2016\/02\/EserEl\u00e7in.jpg 550w\" sizes=\"(max-width: 302px) 100vw, 302px\" \/>Yard\u0131mc\u0131 Direkt\u00f6r ve K\u0131demli Doktoral\u0131 ara\u015ft\u0131rmac\u0131, 1999-<\/strong><\/p>\n<p>Halen, Ankara \u00dcniversitesi K\u00f6k H\u00fccre Enstit\u00fcs\u00fc\u2019nde Profes\u00f6r ve \u201cGMP Doku ve H\u00fccre \u00dcretim Merkezi\u201d Sorumlu M\u00fcd\u00fcr\u00fc olarak \u00e7al\u0131\u015fmaktad\u0131r (2013-).<\/p>\n<p>El\u00e7in Lab k\u0131demli \u00fcyeli\u011finin yan\u0131s\u0131ra, 2002 y\u0131l\u0131ndan beri \u00e7ok say\u0131da Y\u00fcksek Lisans ve Doktora tezinin dan\u0131\u015fmanl\u0131\u011f\u0131n\u0131 ve ara\u015ft\u0131rma projelerinde y\u00fcr\u00fct\u00fcc\u00fcl\u00fck g\u00f6revlerini s\u00fcrd\u00fcrmektedir.<\/p>\n","protected":false},"excerpt":{"rendered":"<p>Yard\u0131mc\u0131 Direkt\u00f6r ve K\u0131demli Doktoral\u0131 ara\u015ft\u0131rmac\u0131, 1999- Halen, Ankara \u00dcniversitesi K\u00f6k H\u00fccre Enstit\u00fcs\u00fc\u2019nde Profes\u00f6r ve \u201cGMP Doku ve H\u00fccre \u00dcretim Merkezi\u201d Sorumlu M\u00fcd\u00fcr\u00fc olarak \u00e7al\u0131\u015fmaktad\u0131r (2013-). El\u00e7in Lab k\u0131demli \u00fcyeli\u011finin yan\u0131s\u0131ra, 2002 y\u0131l\u0131ndan beri \u00e7ok say\u0131da Y\u00fcksek Lisans ve Doktora tezinin dan\u0131\u015fmanl\u0131\u011f\u0131n\u0131 ve ara\u015ft\u0131rma projelerinde y\u00fcr\u00fct\u00fcc\u00fcl\u00fck g\u00f6revlerini s\u00fcrd\u00fcrmektedir.<\/p>\n","protected":false},"author":1,"featured_media":0,"parent":0,"menu_order":0,"comment_status":"closed","ping_status":"closed","template":"","meta":[],"_links":{"self":[{"href":"https:\/\/www.elcinlab.org\/en\/wp-json\/wp\/v2\/pages\/268"}],"collection":[{"href":"https:\/\/www.elcinlab.org\/en\/wp-json\/wp\/v2\/pages"}],"about":[{"href":"https:\/\/www.elcinlab.org\/en\/wp-json\/wp\/v2\/types\/page"}],"author":[{"embeddable":true,"href":"https:\/\/www.elcinlab.org\/en\/wp-json\/wp\/v2\/users\/1"}],"replies":[{"embeddable":true,"href":"https:\/\/www.elcinlab.org\/en\/wp-json\/wp\/v2\/comments?post=268"}],"version-history":[{"count":6,"href":"https:\/\/www.elcinlab.org\/en\/wp-json\/wp\/v2\/pages\/268\/revisions"}],"predecessor-version":[{"id":587,"href":"https:\/\/www.elcinlab.org\/en\/wp-json\/wp\/v2\/pages\/268\/revisions\/587"}],"wp:attachment":[{"href":"https:\/\/www.elcinlab.org\/en\/wp-json\/wp\/v2\/media?parent=268"}],"curies":[{"name":"wp","href":"https:\/\/api.w.org\/{rel}","templated":true}]}}