{"id":271,"date":"2016-02-18T13:41:03","date_gmt":"2016-02-18T13:41:03","guid":{"rendered":"http:\/\/www.elcinlab.org\/?page_id=271"},"modified":"2016-04-17T19:58:35","modified_gmt":"2016-04-17T19:58:35","slug":"serap-durkut","status":"publish","type":"page","link":"https:\/\/www.elcinlab.org\/en\/serap-durkut\/","title":{"rendered":"Serap DURKUT"},"content":{"rendered":"<p><strong><img loading=\"lazy\" class=\" wp-image-419 alignleft\" src=\"http:\/\/www.elcinlab.org\/wp-content\/uploads\/2016\/02\/serapdurkut-275x300.jpg\" alt=\"serapdurkut\" width=\"302\" height=\"329\" srcset=\"https:\/\/www.elcinlab.org\/wp-content\/uploads\/2016\/02\/serapdurkut-275x300.jpg 275w, https:\/\/www.elcinlab.org\/wp-content\/uploads\/2016\/02\/serapdurkut.jpg 550w\" sizes=\"(max-width: 302px) 100vw, 302px\" \/>Lab ba\u011flant\u0131s\u0131<\/strong><br \/>\nY\u00fcksek lisans \u00f6\u011frencisi, 1998-2001<br \/>\nDoktora \u00f6\u011frencisi, 2001-2008<br \/>\nDoktoral\u0131 ara\u015ft\u0131rmac\u0131, 2008-<\/p>\n<p><strong>Ara\u015ft\u0131rma ilgileri<\/strong><br \/>\nenzim immobilizasyonu, hepatositler, h\u00fccre enkaps\u00fclasyonu, kriyoprezervasyon, s\u0131cakl\u0131k-duyarl\u0131 hidrojeller<\/p>\n<p>Serap, Ankara \u00dcniversitesi Kimya B\u00f6l\u00fcm\u00fc mezuniyeti (1997) sonras\u0131 El\u00e7in Lab\u2019a kat\u0131ld\u0131. Halen, Ankara \u00dcniversitesi Fen Fak\u00fcltesi Kimya B\u00f6l\u00fcm\u00fc Biyokimya Anabilim Dal\u0131\u2019nda Yard\u0131mc\u0131 Do\u00e7ent olarak \u00e7al\u0131\u015fmaktad\u0131r (2014-).<\/p>\n","protected":false},"excerpt":{"rendered":"<p>Lab ba\u011flant\u0131s\u0131 Y\u00fcksek lisans \u00f6\u011frencisi, 1998-2001 Doktora \u00f6\u011frencisi, 2001-2008 Doktoral\u0131 ara\u015ft\u0131rmac\u0131, 2008- Ara\u015ft\u0131rma ilgileri enzim immobilizasyonu, hepatositler, h\u00fccre enkaps\u00fclasyonu, kriyoprezervasyon, s\u0131cakl\u0131k-duyarl\u0131 hidrojeller Serap, Ankara \u00dcniversitesi Kimya B\u00f6l\u00fcm\u00fc mezuniyeti (1997) sonras\u0131 El\u00e7in Lab\u2019a kat\u0131ld\u0131. Halen, Ankara \u00dcniversitesi Fen Fak\u00fcltesi Kimya B\u00f6l\u00fcm\u00fc Biyokimya Anabilim Dal\u0131\u2019nda Yard\u0131mc\u0131 Do\u00e7ent olarak \u00e7al\u0131\u015fmaktad\u0131r (2014-).<\/p>\n","protected":false},"author":1,"featured_media":0,"parent":0,"menu_order":0,"comment_status":"closed","ping_status":"closed","template":"","meta":[],"_links":{"self":[{"href":"https:\/\/www.elcinlab.org\/en\/wp-json\/wp\/v2\/pages\/271"}],"collection":[{"href":"https:\/\/www.elcinlab.org\/en\/wp-json\/wp\/v2\/pages"}],"about":[{"href":"https:\/\/www.elcinlab.org\/en\/wp-json\/wp\/v2\/types\/page"}],"author":[{"embeddable":true,"href":"https:\/\/www.elcinlab.org\/en\/wp-json\/wp\/v2\/users\/1"}],"replies":[{"embeddable":true,"href":"https:\/\/www.elcinlab.org\/en\/wp-json\/wp\/v2\/comments?post=271"}],"version-history":[{"count":13,"href":"https:\/\/www.elcinlab.org\/en\/wp-json\/wp\/v2\/pages\/271\/revisions"}],"predecessor-version":[{"id":588,"href":"https:\/\/www.elcinlab.org\/en\/wp-json\/wp\/v2\/pages\/271\/revisions\/588"}],"wp:attachment":[{"href":"https:\/\/www.elcinlab.org\/en\/wp-json\/wp\/v2\/media?parent=271"}],"curies":[{"name":"wp","href":"https:\/\/api.w.org\/{rel}","templated":true}]}}