{"id":311,"date":"2016-02-18T14:16:34","date_gmt":"2016-02-18T14:16:34","guid":{"rendered":"http:\/\/www.elcinlab.org\/?page_id=311"},"modified":"2016-09-29T15:37:01","modified_gmt":"2016-09-29T15:37:01","slug":"erdem-subak","status":"publish","type":"page","link":"https:\/\/www.elcinlab.org\/en\/erdem-subak\/","title":{"rendered":"Erdem SUBAK"},"content":{"rendered":"<p><strong><img loading=\"lazy\" class=\"wp-image-161 alignleft\" src=\"http:\/\/www.elcinlab.org\/wp-content\/uploads\/2016\/02\/erdemsubak-240x300.jpg\" alt=\"erdemsubak\" width=\"197\" height=\"246\" \/><\/strong><\/p>\n<p><strong>Mevcut Pozisyonu ve Kurumu<\/strong><\/p>\n<p><strong>Lab ba\u011flant\u0131s\u0131<\/strong><br \/>\nY\u00fcksek lisans, 02\/2013\u201308\/2016<\/p>\n<p><strong>\u00a0<\/strong><\/p>\n<p>&nbsp;<\/p>\n","protected":false},"excerpt":{"rendered":"<p>Mevcut Pozisyonu ve Kurumu Lab ba\u011flant\u0131s\u0131 Y\u00fcksek lisans, 02\/2013\u201308\/2016 \u00a0 &nbsp;<\/p>\n","protected":false},"author":1,"featured_media":0,"parent":0,"menu_order":0,"comment_status":"closed","ping_status":"closed","template":"","meta":[],"_links":{"self":[{"href":"https:\/\/www.elcinlab.org\/en\/wp-json\/wp\/v2\/pages\/311"}],"collection":[{"href":"https:\/\/www.elcinlab.org\/en\/wp-json\/wp\/v2\/pages"}],"about":[{"href":"https:\/\/www.elcinlab.org\/en\/wp-json\/wp\/v2\/types\/page"}],"author":[{"embeddable":true,"href":"https:\/\/www.elcinlab.org\/en\/wp-json\/wp\/v2\/users\/1"}],"replies":[{"embeddable":true,"href":"https:\/\/www.elcinlab.org\/en\/wp-json\/wp\/v2\/comments?post=311"}],"version-history":[{"count":6,"href":"https:\/\/www.elcinlab.org\/en\/wp-json\/wp\/v2\/pages\/311\/revisions"}],"predecessor-version":[{"id":680,"href":"https:\/\/www.elcinlab.org\/en\/wp-json\/wp\/v2\/pages\/311\/revisions\/680"}],"wp:attachment":[{"href":"https:\/\/www.elcinlab.org\/en\/wp-json\/wp\/v2\/media?parent=311"}],"curies":[{"name":"wp","href":"https:\/\/api.w.org\/{rel}","templated":true}]}}