{"id":320,"date":"2016-02-18T14:20:59","date_gmt":"2016-02-18T14:20:59","guid":{"rendered":"http:\/\/www.elcinlab.org\/?page_id=320"},"modified":"2016-09-29T15:35:17","modified_gmt":"2016-09-29T15:35:17","slug":"oya-celikag","status":"publish","type":"page","link":"https:\/\/www.elcinlab.org\/en\/oya-celikag\/","title":{"rendered":"Oya \u00c7EL\u0130KA\u011e"},"content":{"rendered":"<p><strong><img loading=\"lazy\" class=\" wp-image-480 alignleft\" src=\"http:\/\/www.elcinlab.org\/wp-content\/uploads\/2016\/02\/oya\u00e7elika\u011f-1-275x300.jpg\" alt=\"oya\u00e7elika\u011f\" width=\"201\" height=\"219\" srcset=\"https:\/\/www.elcinlab.org\/wp-content\/uploads\/2016\/02\/oya\u00e7elika\u011f-1-275x300.jpg 275w, https:\/\/www.elcinlab.org\/wp-content\/uploads\/2016\/02\/oya\u00e7elika\u011f-1.jpg 550w\" sizes=\"(max-width: 201px) 100vw, 201px\" \/><\/strong><\/p>\n<p><strong>Mevcut Pozisyonu ve Kurumu<\/strong><\/p>\n<p><strong>Lab ba\u011flant\u0131s\u0131<\/strong><br \/>\nY\u00fcksek lisans, 02\/2013\u201308\/2016<\/p>\n","protected":false},"excerpt":{"rendered":"<p>Mevcut Pozisyonu ve Kurumu Lab ba\u011flant\u0131s\u0131 Y\u00fcksek lisans, 02\/2013\u201308\/2016<\/p>\n","protected":false},"author":1,"featured_media":0,"parent":0,"menu_order":0,"comment_status":"closed","ping_status":"closed","template":"","meta":[],"_links":{"self":[{"href":"https:\/\/www.elcinlab.org\/en\/wp-json\/wp\/v2\/pages\/320"}],"collection":[{"href":"https:\/\/www.elcinlab.org\/en\/wp-json\/wp\/v2\/pages"}],"about":[{"href":"https:\/\/www.elcinlab.org\/en\/wp-json\/wp\/v2\/types\/page"}],"author":[{"embeddable":true,"href":"https:\/\/www.elcinlab.org\/en\/wp-json\/wp\/v2\/users\/1"}],"replies":[{"embeddable":true,"href":"https:\/\/www.elcinlab.org\/en\/wp-json\/wp\/v2\/comments?post=320"}],"version-history":[{"count":6,"href":"https:\/\/www.elcinlab.org\/en\/wp-json\/wp\/v2\/pages\/320\/revisions"}],"predecessor-version":[{"id":678,"href":"https:\/\/www.elcinlab.org\/en\/wp-json\/wp\/v2\/pages\/320\/revisions\/678"}],"wp:attachment":[{"href":"https:\/\/www.elcinlab.org\/en\/wp-json\/wp\/v2\/media?parent=320"}],"curies":[{"name":"wp","href":"https:\/\/api.w.org\/{rel}","templated":true}]}}