{"id":323,"date":"2016-02-18T14:22:21","date_gmt":"2016-02-18T14:22:21","guid":{"rendered":"http:\/\/www.elcinlab.org\/?page_id=323"},"modified":"2020-10-13T10:57:38","modified_gmt":"2020-10-13T10:57:38","slug":"fatma-betul-ayanoglu","status":"publish","type":"page","link":"https:\/\/www.elcinlab.org\/en\/fatma-betul-ayanoglu\/","title":{"rendered":"Fatma Bet\u00fcl AYANO\u011eLU"},"content":{"rendered":"<p><strong><img loading=\"lazy\" class=\" wp-image-484 alignleft\" src=\"http:\/\/www.elcinlab.org\/wp-content\/uploads\/2016\/02\/betulayanoglu3-275x300.jpg\" alt=\"betulayanoglu3\" width=\"164\" height=\"179\" srcset=\"https:\/\/www.elcinlab.org\/wp-content\/uploads\/2016\/02\/betulayanoglu3-275x300.jpg 275w, https:\/\/www.elcinlab.org\/wp-content\/uploads\/2016\/02\/betulayanoglu3.jpg 550w\" sizes=\"(max-width: 164px) 100vw, 164px\" \/>Mevcut Pozisyonu ve Kurumu<\/strong><\/p>\n<p><strong>Lab ba\u011flant\u0131s\u0131<\/strong><br \/>\nY\u00fcksek lisans \u00f6\u011frencisi (TD: AE Elcin), 2015-2017<br \/>\nDoktora \u00f6\u011frencisi, 2018-2020<\/p>\n","protected":false},"excerpt":{"rendered":"<p>Mevcut Pozisyonu ve Kurumu Lab ba\u011flant\u0131s\u0131 Y\u00fcksek lisans \u00f6\u011frencisi (TD: AE Elcin), 2015-2017 Doktora \u00f6\u011frencisi, 2018-2020<\/p>\n","protected":false},"author":1,"featured_media":0,"parent":0,"menu_order":0,"comment_status":"closed","ping_status":"closed","template":"","meta":[],"_links":{"self":[{"href":"https:\/\/www.elcinlab.org\/en\/wp-json\/wp\/v2\/pages\/323"}],"collection":[{"href":"https:\/\/www.elcinlab.org\/en\/wp-json\/wp\/v2\/pages"}],"about":[{"href":"https:\/\/www.elcinlab.org\/en\/wp-json\/wp\/v2\/types\/page"}],"author":[{"embeddable":true,"href":"https:\/\/www.elcinlab.org\/en\/wp-json\/wp\/v2\/users\/1"}],"replies":[{"embeddable":true,"href":"https:\/\/www.elcinlab.org\/en\/wp-json\/wp\/v2\/comments?post=323"}],"version-history":[{"count":9,"href":"https:\/\/www.elcinlab.org\/en\/wp-json\/wp\/v2\/pages\/323\/revisions"}],"predecessor-version":[{"id":1042,"href":"https:\/\/www.elcinlab.org\/en\/wp-json\/wp\/v2\/pages\/323\/revisions\/1042"}],"wp:attachment":[{"href":"https:\/\/www.elcinlab.org\/en\/wp-json\/wp\/v2\/media?parent=323"}],"curies":[{"name":"wp","href":"https:\/\/api.w.org\/{rel}","templated":true}]}}